{"id":2,"date":"2016-05-10T03:48:21","date_gmt":"2016-05-10T03:48:21","guid":{"rendered":"http:\/\/serwer1739463.home.pl\/autoinstalator\/wordpress\/?page_id=2"},"modified":"2017-11-03T10:03:03","modified_gmt":"2017-11-03T10:03:03","slug":"sample-page","status":"publish","type":"page","link":"https:\/\/serwer1739463.home.pl\/autoinstalator\/wordpress\/","title":{"rendered":"Strona g\u0142\u00f3wna"},"content":{"rendered":"<p>Witamy na nowej ods\u0142onie strony internetowej naszej plac\u00f3wki<\/p>\n<blockquote><p>M\u0142odzie\u017cowy Dom Kultury w Kutnie jest powiatow\u0105 plac\u00f3wk\u0105 wychowania pozaszkolnego w systemie edukacji narodowej prowadzon\u0105 przez powiat kutnowski, organizuj\u0105c\u0105 dla dzieci i m\u0142odzie\u017cy r\u00f3\u017cnorodne zaj\u0119cia, kt\u00f3re daj\u0105 uczestnikom mo\u017cliwo\u015b\u0107 kszta\u0142towania i rozwijania swych uzdolnie\u0144, zami\u0142owa\u0144 i zainteresowa\u0144.<\/p><\/blockquote>\n<p>&#8230;or something like this:<\/p>\n<blockquote><p>The XYZ Doohickey Company was founded in 1971, and has been providing quality doohickeys to the public ever since. Located in Gotham City, XYZ employs over 2,000 people and does all kinds of awesome things for the Gotham community.<\/p><\/blockquote>\n<p>As a new WordPress user, you should go to <a href=\"http:\/\/serwer1739463.home.pl\/autoinstalator\/wordpress\/wp-admin\/\">your dashboard<\/a> to delete this page and create new pages for your content. Have fun!<\/p>\n","protected":false},"excerpt":{"rendered":"<p>Witamy na nowej ods\u0142onie strony internetowej naszej plac\u00f3wki M\u0142odzie\u017cowy Dom Kultury w Kutnie jest powiatow\u0105 plac\u00f3wk\u0105 wychowania pozaszkolnego w systemie edukacji narodowej prowadzon\u0105 przez powiat kutnowski, organizuj\u0105c\u0105 dla dzieci i m\u0142odzie\u017cy r\u00f3\u017cnorodne zaj\u0119cia, kt\u00f3re daj\u0105 uczestnikom mo\u017cliwo\u015b\u0107 kszta\u0142towania i rozwijania swych uzdolnie\u0144, zami\u0142owa\u0144 i zainteresowa\u0144. &#8230;or something like this: The XYZ Doohickey Company was founded [&hellip;]<\/p>\n","protected":false},"author":1,"featured_media":0,"parent":0,"menu_order":0,"comment_status":"closed","ping_status":"closed","template":"","meta":[],"_links":{"self":[{"href":"https:\/\/serwer1739463.home.pl\/autoinstalator\/wordpress\/index.php?rest_route=\/wp\/v2\/pages\/2"}],"collection":[{"href":"https:\/\/serwer1739463.home.pl\/autoinstalator\/wordpress\/index.php?rest_route=\/wp\/v2\/pages"}],"about":[{"href":"https:\/\/serwer1739463.home.pl\/autoinstalator\/wordpress\/index.php?rest_route=\/wp\/v2\/types\/page"}],"author":[{"embeddable":true,"href":"https:\/\/serwer1739463.home.pl\/autoinstalator\/wordpress\/index.php?rest_route=\/wp\/v2\/users\/1"}],"replies":[{"embeddable":true,"href":"https:\/\/serwer1739463.home.pl\/autoinstalator\/wordpress\/index.php?rest_route=%2Fwp%2Fv2%2Fcomments&post=2"}],"version-history":[{"count":9,"href":"https:\/\/serwer1739463.home.pl\/autoinstalator\/wordpress\/index.php?rest_route=\/wp\/v2\/pages\/2\/revisions"}],"predecessor-version":[{"id":230,"href":"https:\/\/serwer1739463.home.pl\/autoinstalator\/wordpress\/index.php?rest_route=\/wp\/v2\/pages\/2\/revisions\/230"}],"wp:attachment":[{"href":"https:\/\/serwer1739463.home.pl\/autoinstalator\/wordpress\/index.php?rest_route=%2Fwp%2Fv2%2Fmedia&parent=2"}],"curies":[{"name":"wp","href":"https:\/\/api.w.org\/{rel}","templated":true}]}}